{"id":7367,"date":"2025-06-03T01:33:45","date_gmt":"2025-06-03T01:33:45","guid":{"rendered":"https:\/\/tractocamiones.pe\/?page_id=7367"},"modified":"2025-06-03T02:13:00","modified_gmt":"2025-06-03T02:13:00","slug":"preguntas-frecuentes","status":"publish","type":"page","link":"https:\/\/tractocamiones.pe\/en\/preguntas-frecuentes\/","title":{"rendered":"Frequently Asked Questions"},"content":{"rendered":"<div data-elementor-type=\"wp-page\" data-elementor-id=\"7367\" class=\"elementor elementor-7367\" data-elementor-post-type=\"page\">\n\t\t\t\t\t\t<section data-particle_enable=\"false\" data-particle-mobile-disabled=\"false\" class=\"elementor-section elementor-top-section elementor-element elementor-element-169007c elementor-section-height-min-height elementor-section-content-middle elementor-section-boxed elementor-section-height-default elementor-section-items-middle elementor-invisible\" data-id=\"169007c\" data-element_type=\"section\" data-settings=\"{&quot;background_background&quot;:&quot;classic&quot;,&quot;shape_divider_bottom&quot;:&quot;mountains&quot;,&quot;animation&quot;:&quot;fadeInDown&quot;}\">\n\t\t\t\t\t\t\t<div class=\"elementor-background-overlay\"><\/div>\n\t\t\t\t\t\t<div class=\"elementor-shape elementor-shape-bottom\" aria-hidden=\"true\" data-negative=\"false\">\n\t\t\t<svg xmlns=\"http:\/\/www.w3.org\/2000\/svg\" viewbox=\"0 0 1000 100\" preserveaspectratio=\"none\">\n\t<path class=\"elementor-shape-fill\" opacity=\"0.33\" d=\"M473,67.3c-203.9,88.3-263.1-34-320.3,0C66,119.1,0,59.7,0,59.7V0h1000v59.7 c0,0-62.1,26.1-94.9,29.3c-32.8,3.3-62.8-12.3-75.8-22.1C806,49.6,745.3,8.7,694.9,4.7S492.4,59,473,67.3z\"\/>\n\t<path class=\"elementor-shape-fill\" opacity=\"0.66\" d=\"M734,67.3c-45.5,0-77.2-23.2-129.1-39.1c-28.6-8.7-150.3-10.1-254,39.1 s-91.7-34.4-149.2,0C115.7,118.3,0,39.8,0,39.8V0h1000v36.5c0,0-28.2-18.5-92.1-18.5C810.2,18.1,775.7,67.3,734,67.3z\"\/>\n\t<path class=\"elementor-shape-fill\" d=\"M766.1,28.9c-200-57.5-266,65.5-395.1,19.5C242,1.8,242,5.4,184.8,20.6C128,35.8,132.3,44.9,89.9,52.5C28.6,63.7,0,0,0,0 h1000c0,0-9.9,40.9-83.6,48.1S829.6,47,766.1,28.9z\"\/>\n<\/svg>\t\t<\/div>\n\t\t\t\t\t<div class=\"elementor-container elementor-column-gap-default\">\n\t\t\t\t\t<div class=\"elementor-column elementor-col-100 elementor-top-column elementor-element elementor-element-f47a496\" data-id=\"f47a496\" data-element_type=\"column\">\n\t\t\t<div class=\"elementor-widget-wrap elementor-element-populated\">\n\t\t\t\t\t\t<div class=\"elementor-element elementor-element-02eea7c elementor-widget-mobile__width-initial elementor-widget__width-initial elementor-widget elementor-widget-heading\" data-id=\"02eea7c\" data-element_type=\"widget\" data-settings=\"{&quot;ekit_we_effect_on&quot;:&quot;none&quot;}\" data-widget_type=\"heading.default\">\n\t\t\t\t<div class=\"elementor-widget-container\">\n\t\t\t\t\t<h2 class=\"elementor-heading-title elementor-size-default\">Frequently Asked Questions<\/h2>\t\t\t\t<\/div>\n\t\t\t\t<\/div>\n\t\t\t\t\t<\/div>\n\t\t<\/div>\n\t\t\t\t\t<\/div>\n\t\t<\/section>\n\t\t<div data-particle_enable=\"false\" data-particle-mobile-disabled=\"false\" class=\"elementor-element elementor-element-fb7396d e-con-full e-flex e-con e-parent\" data-id=\"fb7396d\" data-element_type=\"container\">\n\t\t<div data-particle_enable=\"false\" data-particle-mobile-disabled=\"false\" class=\"elementor-element elementor-element-8a36be7 e-con-full e-flex elementor-invisible e-con e-child\" data-id=\"8a36be7\" data-element_type=\"container\" data-settings=\"{&quot;background_background&quot;:&quot;classic&quot;,&quot;animation&quot;:&quot;fadeInRight&quot;}\">\n\t\t\t\t<div class=\"elementor-element elementor-element-8d36af1 elementor-widget elementor-widget-spacer\" data-id=\"8d36af1\" data-element_type=\"widget\" data-settings=\"{&quot;ekit_we_effect_on&quot;:&quot;none&quot;}\" data-widget_type=\"spacer.default\">\n\t\t\t\t<div class=\"elementor-widget-container\">\n\t\t\t\t\t\t\t<div class=\"elementor-spacer\">\n\t\t\t<div class=\"elementor-spacer-inner\"><\/div>\n\t\t<\/div>\n\t\t\t\t\t\t<\/div>\n\t\t\t\t<\/div>\n\t\t\t\t<div class=\"elementor-element elementor-element-d4215ab elementor-widget elementor-widget-eael-flip-carousel\" data-id=\"d4215ab\" data-element_type=\"widget\" data-settings=\"{&quot;ekit_we_effect_on&quot;:&quot;none&quot;}\" data-widget_type=\"eael-flip-carousel.default\">\n\t\t\t\t<div class=\"elementor-widget-container\">\n\t\t\t\t\t\t\t<div class=\"eael-flip-carousel flip-carousel-d4215ab show-all\" data-style=\"flat\" data-start=\"center\" data-fadein=\"400\" data-loop=\"false\" data-autoplay=\"false\" data-pauseonhover=\"true\" data-spacing=\"-0.6\" data-click=\"true\" data-scrollwheel=\"true\" data-touch=\"true\" data-buttons=\"custom\" data-buttonprev=\"&lt;i aria-hidden=&quot;true&quot; class=&quot;fas fa-arrow-left&quot;&gt;&lt;\/i&gt;\" data-buttonnext=\"&lt;i aria-hidden=&quot;true&quot; class=&quot;fas fa-arrow-right&quot;&gt;&lt;\/i&gt;\">\n\t\t\t<ul class=\"flip-items eael-flip-container\">\n\t\t\t\t\t\t\t\t\t<li class=\"eael-flip-item\">\n\t\t\t\t\t\t<img decoding=\"async\" src=\"https:\/\/tractocamiones.pe\/wp-content\/uploads\/2025\/06\/preguntas-frecuentes.webp\" alt=\"\">\n\t\t\t\t\t<\/li>\n\t\t\t\t\t\t\t<\/ul>\n\t\t<\/div>\n\t\t\t\t\t\t<\/div>\n\t\t\t\t<\/div>\n\t\t\t\t<div class=\"elementor-element elementor-element-355facb elementor-widget elementor-widget-spacer\" data-id=\"355facb\" data-element_type=\"widget\" data-settings=\"{&quot;ekit_we_effect_on&quot;:&quot;none&quot;}\" data-widget_type=\"spacer.default\">\n\t\t\t\t<div class=\"elementor-widget-container\">\n\t\t\t\t\t\t\t<div class=\"elementor-spacer\">\n\t\t\t<div class=\"elementor-spacer-inner\"><\/div>\n\t\t<\/div>\n\t\t\t\t\t\t<\/div>\n\t\t\t\t<\/div>\n\t\t\t\t<\/div>\n\t\t<div data-particle_enable=\"false\" data-particle-mobile-disabled=\"false\" class=\"elementor-element elementor-element-0e888ef e-con-full e-flex elementor-invisible e-con e-child\" data-id=\"0e888ef\" data-element_type=\"container\" data-settings=\"{&quot;background_background&quot;:&quot;classic&quot;,&quot;animation&quot;:&quot;fadeInDown&quot;}\">\n\t\t\t\t<div class=\"elementor-element elementor-element-563135f elementor-widget elementor-widget-heading\" data-id=\"563135f\" data-element_type=\"widget\" data-settings=\"{&quot;ekit_we_effect_on&quot;:&quot;none&quot;}\" data-widget_type=\"heading.default\">\n\t\t\t\t<div class=\"elementor-widget-container\">\n\t\t\t\t\t<h1 class=\"elementor-heading-title elementor-size-default\">preguntas frecuentes<\/h1>\t\t\t\t<\/div>\n\t\t\t\t<\/div>\n\t\t\t\t<div class=\"elementor-element elementor-element-33c7268 elementor-widget elementor-widget-text-editor\" data-id=\"33c7268\" data-element_type=\"widget\" data-settings=\"{&quot;ekit_we_effect_on&quot;:&quot;none&quot;}\" data-widget_type=\"text-editor.default\">\n\t\t\t\t<div class=\"elementor-widget-container\">\n\t\t\t\t\t\t\t\t\t<p>Proyectos residenciales, comerciales, municipales e industriales.<\/p>\t\t\t\t\t\t\t\t<\/div>\n\t\t\t\t<\/div>\n\t\t\t\t<div class=\"elementor-element elementor-element-60720fc bdt-ps-image-match-height--yes elementor-widget elementor-widget-prime-slider-sequester\" data-id=\"60720fc\" data-element_type=\"widget\" data-settings=\"{&quot;ekit_we_effect_on&quot;:&quot;none&quot;}\" data-widget_type=\"prime-slider-sequester.default\">\n\t\t\t\t<div class=\"elementor-widget-container\">\n\t\t\t\t\t\t\t\t<div class=\"bdt-prime-slider\">\n\t\t\t\t<div class=\"bdt-prime-slider-sequester\" >\n\n\t\t\t\t<div class=\"bdt-position-relative bdt-visible-toggle\" bdt-slideshow=\"{&quot;animation&quot;:&quot;fade&quot;,&quot;ratio&quot;:&quot;16:8&quot;,&quot;min-height&quot;:540,&quot;autoplay&quot;:true,&quot;autoplay-interval&quot;:7000,&quot;pause-on-hover&quot;:false,&quot;velocity&quot;:1,&quot;finite&quot;:false}\">\n\n\t\t\t\t\t<ul class=\"bdt-slideshow-items\">\n\t\t\n            <li class=\"bdt-slideshow-item bdt-flex bdt-flex-row bdt-flex-middle elementor-repeater-item-c462e6e\">\n\n                    \n\t\t<div class=\"bdt-prime-slider-content\">\n\t\t\t<div class=\"bdt-prime-slider-desc\">\n\n\t\t\t\t\n\t\t\t\t\t\t\t\t\t<div class=\"bdt-main-title\">\n\t\t\t\t\t\t<h1 class=\"bdt-title-tag\" bdt-slideshow-parallax=\"y: 50,0,-50; opacity: 1,1,0\">\n\t\t\t\t\t\t\t\t\t\t\t\t\t\t\t<span class=\"frist-word\">\u00bfCon<\/span> qu\u00e9 frecuencia debo realizar el mantenimiento de mis equipos?\t\t\t\t\t\t\t\t\t\t\t\t\t\t<\/h1>\n\t\t\t\t\t<\/div>\n\t\t\t\t\n\t\t\t\t\t\t\t\t\t<div class=\"bdt-slider-excerpt\" bdt-slideshow-parallax=\"y: 100,0,-80; opacity: 1,1,0\">\n\t\t\t\t\t\t<p>La frecuencia ideal depende del tipo de equipo, su uso y las condiciones del entorno. Sin embargo, como regla general, recomendamos un <strong>mantenimiento preventivo al menos una vez al a\u00f1o<\/strong> para equipos residenciales y <strong>semestral o trimestral<\/strong> para equipos comerciales e industriales con mayor uso. \u00a1Cons\u00faltanos para una recomendaci\u00f3n personalizada!<\/p>\t\t\t\t\t<\/div>\n\t\t\t\t\n\t\t\t\t<div class=\"bdt-button-wrapper\" bdt-slideshow-parallax=\"y: 150,0,-100; opacity: 1,1,0\">\n\t\t\t\t\t\n\t\t\t\t\t\t<\/div>\n\t\t\t\t\n\t\t\t<\/div>\n\t\t<\/div>\n\n        \n                    <div class=\"bdt-slide-image\" style=\"background-image: url('https:\/\/tractocamiones.pe\/wp-content\/uploads\/2025\/06\/Con-que-frecuencia-debo-realizar-el-mantenimiento-de-mis-equipos.jpg');\">\n                        \n                    <\/div>\n            <\/li>\n\n        \n            <li class=\"bdt-slideshow-item bdt-flex bdt-flex-row bdt-flex-middle elementor-repeater-item-f44c1ca\">\n\n                    \n\t\t<div class=\"bdt-prime-slider-content\">\n\t\t\t<div class=\"bdt-prime-slider-desc\">\n\n\t\t\t\t\n\t\t\t\t\t\t\t\t\t<div class=\"bdt-main-title\">\n\t\t\t\t\t\t<h1 class=\"bdt-title-tag\" bdt-slideshow-parallax=\"y: 50,0,-50; opacity: 1,1,0\">\n\t\t\t\t\t\t\t\t\t\t\t\t\t\t\t<span class=\"frist-word\">\u00bfQu\u00e9<\/span> sucede si no realizo el mantenimiento de mis equipos?\t\t\t\t\t\t\t\t\t\t\t\t\t\t<\/h1>\n\t\t\t\t\t<\/div>\n\t\t\t\t\n\t\t\t\t\t\t\t\t\t<div class=\"bdt-slider-excerpt\" bdt-slideshow-parallax=\"y: 100,0,-80; opacity: 1,1,0\">\n\t\t\t\t\t\t<ul><li data-sourcepos=\"19:1-19:73\"><strong>Aver\u00edas mayores y costosas<\/strong> o incluso el reemplazo total del equipo.<\/li><li data-sourcepos=\"20:1-20:83\"><strong>Mayor consumo de energ\u00eda<\/strong>, lo que se traduce en facturas el\u00e9ctricas m\u00e1s altas.<\/li><li data-sourcepos=\"21:1-21:47\"><strong>Menor vida \u00fatil<\/strong> de la bomba o el tablero.<\/li><li data-sourcepos=\"22:1-22:63\"><strong>Riesgos de seguridad<\/strong>, como cortocircuitos o inundaciones.<\/li><li data-sourcepos=\"23:1-24:0\"><strong>Interrupciones operacionales<\/strong> en tu negocio o incomodidad en tu hogar.<\/li><\/ul>\t\t\t\t\t<\/div>\n\t\t\t\t\n\t\t\t\t<div class=\"bdt-button-wrapper\" bdt-slideshow-parallax=\"y: 150,0,-100; opacity: 1,1,0\">\n\t\t\t\t\t\n\t\t\t\t\t\t<\/div>\n\t\t\t\t\n\t\t\t<\/div>\n\t\t<\/div>\n\n        \n                    <div class=\"bdt-slide-image\" style=\"background-image: url('https:\/\/tractocamiones.pe\/wp-content\/uploads\/2025\/06\/Que-sucede-si-no-realizo-el-mantenimiento-de-mis-equipos2.jpg');\">\n                        \n                    <\/div>\n            <\/li>\n\n        \n            <li class=\"bdt-slideshow-item bdt-flex bdt-flex-row bdt-flex-middle elementor-repeater-item-e586c7a\">\n\n                    \n\t\t<div class=\"bdt-prime-slider-content\">\n\t\t\t<div class=\"bdt-prime-slider-desc\">\n\n\t\t\t\t\n\t\t\t\t\t\t\t\t\t<div class=\"bdt-main-title\">\n\t\t\t\t\t\t<h1 class=\"bdt-title-tag\" bdt-slideshow-parallax=\"y: 50,0,-50; opacity: 1,1,0\">\n\t\t\t\t\t\t\t\t\t\t\t\t\t\t\t<span class=\"frist-word\">\u00bfMi<\/span> bomba de agua no tiene presi\u00f3n o no funciona, qu\u00e9 debo hacer?\t\t\t\t\t\t\t\t\t\t\t\t\t\t<\/h1>\n\t\t\t\t\t<\/div>\n\t\t\t\t\n\t\t\t\t\t\t\t\t\t<div class=\"bdt-slider-excerpt\" bdt-slideshow-parallax=\"y: 100,0,-80; opacity: 1,1,0\">\n\t\t\t\t\t\t<p>Si tu bomba de agua presenta fallas como falta de presi\u00f3n, ruidos extra\u00f1os, goteos o simplemente no enciende, es una se\u00f1al de que necesita una <strong>revisi\u00f3n profesional<\/strong>. Cont\u00e1ctanos de inmediato para un <strong>diagn\u00f3stico preciso<\/strong> y una reparaci\u00f3n experta que restaure el flujo de agua en tu propiedad.<\/p>\t\t\t\t\t<\/div>\n\t\t\t\t\n\t\t\t\t<div class=\"bdt-button-wrapper\" bdt-slideshow-parallax=\"y: 150,0,-100; opacity: 1,1,0\">\n\t\t\t\t\t\n\t\t\t\t\t\t<\/div>\n\t\t\t\t\n\t\t\t<\/div>\n\t\t<\/div>\n\n        \n                    <div class=\"bdt-slide-image\" style=\"background-image: url('https:\/\/tractocamiones.pe\/wp-content\/uploads\/2025\/06\/Mi-bomba-de-agua-no-tiene-presion-o-no-funciona-que-debo-hacer.jpg');\">\n                        \n                    <\/div>\n            <\/li>\n\n        \n                <\/ul>\n\n                \n\t\t\t\t<div class=\"bdt-navigation-arrows\">\n\t\t\t<a class=\"bdt-prime-slider-previous\" href=\"#\" bdt-slidenav-previous bdt-slideshow-item=\"previous\"><\/a>\n\t\t\t<a class=\"bdt-prime-slider-next\" href=\"#\" bdt-slidenav-next bdt-slideshow-item=\"next\"><\/a>\n\t\t<\/div>\n\t\t\n\t\t                \n        \n\t\t\t<ul class=\"bdt-slideshow-nav bdt-dotnav\"><\/ul>\n\n        \n        \t\t\t\t\n\t\t\t<\/div>\n\t\t\t\t\t<\/div>\n        \t\t\t\t<\/div>\n\t\t\t\t<\/div>\n\t\t\t\t<div class=\"elementor-element elementor-element-5dfec06 elementor-widget elementor-widget-spacer\" data-id=\"5dfec06\" data-element_type=\"widget\" data-settings=\"{&quot;ekit_we_effect_on&quot;:&quot;none&quot;}\" data-widget_type=\"spacer.default\">\n\t\t\t\t<div class=\"elementor-widget-container\">\n\t\t\t\t\t\t\t<div class=\"elementor-spacer\">\n\t\t\t<div class=\"elementor-spacer-inner\"><\/div>\n\t\t<\/div>\n\t\t\t\t\t\t<\/div>\n\t\t\t\t<\/div>\n\t\t\t\t<div class=\"elementor-element elementor-element-eb62ebf elementor-widget elementor-widget-heading\" data-id=\"eb62ebf\" data-element_type=\"widget\" data-settings=\"{&quot;ekit_we_effect_on&quot;:&quot;none&quot;}\" data-widget_type=\"heading.default\">\n\t\t\t\t<div class=\"elementor-widget-container\">\n\t\t\t\t\t<h2 class=\"elementor-heading-title elementor-size-default\"> \u00bfNecesitas ayuda ?<\/h2>\t\t\t\t<\/div>\n\t\t\t\t<\/div>\n\t\t\t\t<div class=\"elementor-element elementor-element-7bc6f2d elementor-widget elementor-widget-spacer\" data-id=\"7bc6f2d\" data-element_type=\"widget\" data-settings=\"{&quot;ekit_we_effect_on&quot;:&quot;none&quot;}\" data-widget_type=\"spacer.default\">\n\t\t\t\t<div class=\"elementor-widget-container\">\n\t\t\t\t\t\t\t<div class=\"elementor-spacer\">\n\t\t\t<div class=\"elementor-spacer-inner\"><\/div>\n\t\t<\/div>\n\t\t\t\t\t\t<\/div>\n\t\t\t\t<\/div>\n\t\t\t\t<div class=\"elementor-element elementor-element-d3ca361 elementor-widget-elementskit-dual-button-center e-transform elementor-widget elementor-widget-elementskit-dual-button\" data-id=\"d3ca361\" data-element_type=\"widget\" data-settings=\"{&quot;_transform_scale_effect_hover&quot;:{&quot;unit&quot;:&quot;px&quot;,&quot;size&quot;:1.1999999999999999555910790149937383830547332763671875,&quot;sizes&quot;:[]},&quot;ekit_we_effect_on&quot;:&quot;none&quot;,&quot;_transform_scale_effect_hover_tablet&quot;:{&quot;unit&quot;:&quot;px&quot;,&quot;size&quot;:&quot;&quot;,&quot;sizes&quot;:[]},&quot;_transform_scale_effect_hover_mobile&quot;:{&quot;unit&quot;:&quot;px&quot;,&quot;size&quot;:&quot;&quot;,&quot;sizes&quot;:[]}}\" data-widget_type=\"elementskit-dual-button.default\">\n\t\t\t\t<div class=\"elementor-widget-container\">\n\t\t\t\t\t<div class=\"ekit-wid-con\" >\n                <div class=\"ekit-element-align-wrapper\">\n                    <div class=\"ekit_double_button\">                <a class=\"ekit-double-btn ekit-double-btn-one\" href=\"tel:+51972%20057%20303\" target=\"_blank\">\n                    <i aria-hidden=\"true\" class=\"icon icon-phone1\"><\/i>Ll\u00e1menos                <\/a>\n            \n            <a class=\"ekit-double-btn ekit-double-btn-two\" href=\"https:\/\/api.whatsapp.com\/send\/?phone=51972057303&#038;text=Hola%21+Me+gustar%C3%ADa+tener+mas+informaci%C3%B3n+sobre+el+servicio+de+bombas+de+agua&#038;type=phone_number&#038;app_absent=0\" target=\"_blank\">\n                    <i aria-hidden=\"true\" class=\"fab fa-whatsapp\"><\/i>WhatsApp                <\/a>\n                  <\/div>\n                <\/div>\n            <\/div>\t\t\t\t<\/div>\n\t\t\t\t<\/div>\n\t\t\t\t<div class=\"elementor-element elementor-element-f6fe8ed elementor-widget elementor-widget-spacer\" data-id=\"f6fe8ed\" data-element_type=\"widget\" data-settings=\"{&quot;ekit_we_effect_on&quot;:&quot;none&quot;}\" data-widget_type=\"spacer.default\">\n\t\t\t\t<div class=\"elementor-widget-container\">\n\t\t\t\t\t\t\t<div class=\"elementor-spacer\">\n\t\t\t<div class=\"elementor-spacer-inner\"><\/div>\n\t\t<\/div>\n\t\t\t\t\t\t<\/div>\n\t\t\t\t<\/div>\n\t\t\t\t<\/div>\n\t\t\t\t<\/div>\n\t\t\t\t<\/div>","protected":false},"excerpt":{"rendered":"<p>Preguntas Frecuentes preguntas frecuentes Proyectos residenciales, comerciales, municipales e industriales. \u00bfCon qu\u00e9 frecuencia debo realizar el mantenimiento de mis equipos? La frecuencia ideal depende del tipo de equipo, su uso y las condiciones del entorno. Sin embargo, como regla general, recomendamos un mantenimiento preventivo al menos una vez al a\u00f1o para equipos residenciales y semestral [&hellip;]<\/p>","protected":false},"author":4,"featured_media":0,"parent":0,"menu_order":0,"comment_status":"closed","ping_status":"closed","template":"elementor_header_footer","meta":{"footnotes":""},"class_list":["post-7367","page","type-page","status-publish","hentry"],"yoast_head":"<!-- This site is optimized with the Yoast SEO plugin v24.4 - https:\/\/yoast.com\/wordpress\/plugins\/seo\/ -->\n<title>Preguntas Frecuentes - Alineamiento y balanceo computarizado | Tractocamiones.pe<\/title>\n<meta name=\"robots\" content=\"index, follow, max-snippet:-1, max-image-preview:large, max-video-preview:-1\" \/>\n<link rel=\"canonical\" href=\"https:\/\/tractocamiones.pe\/en\/preguntas-frecuentes\/\" \/>\n<meta property=\"og:locale\" content=\"en_US\" \/>\n<meta property=\"og:type\" content=\"article\" \/>\n<meta property=\"og:title\" content=\"Preguntas Frecuentes - Alineamiento y balanceo computarizado | Tractocamiones.pe\" \/>\n<meta property=\"og:description\" content=\"Preguntas Frecuentes preguntas frecuentes Proyectos residenciales, comerciales, municipales e industriales. \u00bfCon qu\u00e9 frecuencia debo realizar el mantenimiento de mis equipos? La frecuencia ideal depende del tipo de equipo, su uso y las condiciones del entorno. Sin embargo, como regla general, recomendamos un mantenimiento preventivo al menos una vez al a\u00f1o para equipos residenciales y semestral [&hellip;]\" \/>\n<meta property=\"og:url\" content=\"https:\/\/tractocamiones.pe\/en\/preguntas-frecuentes\/\" \/>\n<meta property=\"og:site_name\" content=\"Alineamiento y balanceo computarizado | Tractocamiones.pe\" \/>\n<meta property=\"article:modified_time\" content=\"2025-06-03T02:13:00+00:00\" \/>\n<meta property=\"og:image\" content=\"https:\/\/tractocamiones.pe\/wp-content\/uploads\/2025\/06\/preguntas-frecuentes.webp\" \/>\n<meta name=\"twitter:card\" content=\"summary_large_image\" \/>\n<meta name=\"twitter:label1\" content=\"Est. reading time\" \/>\n\t<meta name=\"twitter:data1\" content=\"2 minutes\" \/>\n<script type=\"application\/ld+json\" class=\"yoast-schema-graph\">{\"@context\":\"https:\/\/schema.org\",\"@graph\":[{\"@type\":\"WebPage\",\"@id\":\"https:\/\/tractocamiones.pe\/preguntas-frecuentes\/\",\"url\":\"https:\/\/tractocamiones.pe\/preguntas-frecuentes\/\",\"name\":\"Preguntas Frecuentes - Alineamiento y balanceo computarizado | Tractocamiones.pe\",\"isPartOf\":{\"@id\":\"https:\/\/tractocamiones.pe\/#website\"},\"primaryImageOfPage\":{\"@id\":\"https:\/\/tractocamiones.pe\/preguntas-frecuentes\/#primaryimage\"},\"image\":{\"@id\":\"https:\/\/tractocamiones.pe\/preguntas-frecuentes\/#primaryimage\"},\"thumbnailUrl\":\"https:\/\/tractocamiones.pe\/wp-content\/uploads\/2025\/06\/preguntas-frecuentes.webp\",\"datePublished\":\"2025-06-03T01:33:45+00:00\",\"dateModified\":\"2025-06-03T02:13:00+00:00\",\"breadcrumb\":{\"@id\":\"https:\/\/tractocamiones.pe\/preguntas-frecuentes\/#breadcrumb\"},\"inLanguage\":\"en-US\",\"potentialAction\":[{\"@type\":\"ReadAction\",\"target\":[\"https:\/\/tractocamiones.pe\/preguntas-frecuentes\/\"]}]},{\"@type\":\"ImageObject\",\"inLanguage\":\"en-US\",\"@id\":\"https:\/\/tractocamiones.pe\/preguntas-frecuentes\/#primaryimage\",\"url\":\"https:\/\/tractocamiones.pe\/wp-content\/uploads\/2025\/06\/preguntas-frecuentes.webp\",\"contentUrl\":\"https:\/\/tractocamiones.pe\/wp-content\/uploads\/2025\/06\/preguntas-frecuentes.webp\"},{\"@type\":\"BreadcrumbList\",\"@id\":\"https:\/\/tractocamiones.pe\/preguntas-frecuentes\/#breadcrumb\",\"itemListElement\":[{\"@type\":\"ListItem\",\"position\":1,\"name\":\"Portada\",\"item\":\"https:\/\/tractocamiones.pe\/\"},{\"@type\":\"ListItem\",\"position\":2,\"name\":\"Preguntas Frecuentes\"}]},{\"@type\":\"WebSite\",\"@id\":\"https:\/\/tractocamiones.pe\/#website\",\"url\":\"https:\/\/tractocamiones.pe\/\",\"name\":\"Alineamiento y balanceo computarizado | Tractocamiones.pe\",\"description\":\"Expertos en alineamiento de direcci\u00f3n y balanceo de neum\u00e1ticos computarizado para tracto camiones en Per\u00fa.\",\"publisher\":{\"@id\":\"https:\/\/tractocamiones.pe\/#organization\"},\"potentialAction\":[{\"@type\":\"SearchAction\",\"target\":{\"@type\":\"EntryPoint\",\"urlTemplate\":\"https:\/\/tractocamiones.pe\/?s={search_term_string}\"},\"query-input\":{\"@type\":\"PropertyValueSpecification\",\"valueRequired\":true,\"valueName\":\"search_term_string\"}}],\"inLanguage\":\"en-US\"},{\"@type\":\"Organization\",\"@id\":\"https:\/\/tractocamiones.pe\/#organization\",\"name\":\"Alineamiento y balanceo computarizado | Tractocamiones.pe\",\"url\":\"https:\/\/tractocamiones.pe\/\",\"logo\":{\"@type\":\"ImageObject\",\"inLanguage\":\"en-US\",\"@id\":\"https:\/\/tractocamiones.pe\/#\/schema\/logo\/image\/\",\"url\":\"https:\/\/tractocamiones.pe\/wp-content\/uploads\/2025\/06\/cropped-icon-logo.webp\",\"contentUrl\":\"https:\/\/tractocamiones.pe\/wp-content\/uploads\/2025\/06\/cropped-icon-logo.webp\",\"width\":90,\"height\":43,\"caption\":\"Alineamiento y balanceo computarizado | Tractocamiones.pe\"},\"image\":{\"@id\":\"https:\/\/tractocamiones.pe\/#\/schema\/logo\/image\/\"}}]}<\/script>\n<!-- \/ Yoast SEO plugin. -->","yoast_head_json":{"title":"Preguntas Frecuentes - Alineamiento y balanceo computarizado | Tractocamiones.pe","robots":{"index":"index","follow":"follow","max-snippet":"max-snippet:-1","max-image-preview":"max-image-preview:large","max-video-preview":"max-video-preview:-1"},"canonical":"https:\/\/tractocamiones.pe\/en\/preguntas-frecuentes\/","og_locale":"en_US","og_type":"article","og_title":"Preguntas Frecuentes - Alineamiento y balanceo computarizado | Tractocamiones.pe","og_description":"Preguntas Frecuentes preguntas frecuentes Proyectos residenciales, comerciales, municipales e industriales. \u00bfCon qu\u00e9 frecuencia debo realizar el mantenimiento de mis equipos? La frecuencia ideal depende del tipo de equipo, su uso y las condiciones del entorno. Sin embargo, como regla general, recomendamos un mantenimiento preventivo al menos una vez al a\u00f1o para equipos residenciales y semestral [&hellip;]","og_url":"https:\/\/tractocamiones.pe\/en\/preguntas-frecuentes\/","og_site_name":"Alineamiento y balanceo computarizado | Tractocamiones.pe","article_modified_time":"2025-06-03T02:13:00+00:00","og_image":[{"url":"https:\/\/tractocamiones.pe\/wp-content\/uploads\/2025\/06\/preguntas-frecuentes.webp","type":"","width":"","height":""}],"twitter_card":"summary_large_image","twitter_misc":{"Est. reading time":"2 minutes"},"schema":{"@context":"https:\/\/schema.org","@graph":[{"@type":"WebPage","@id":"https:\/\/tractocamiones.pe\/preguntas-frecuentes\/","url":"https:\/\/tractocamiones.pe\/preguntas-frecuentes\/","name":"Preguntas Frecuentes - Alineamiento y balanceo computarizado | Tractocamiones.pe","isPartOf":{"@id":"https:\/\/tractocamiones.pe\/#website"},"primaryImageOfPage":{"@id":"https:\/\/tractocamiones.pe\/preguntas-frecuentes\/#primaryimage"},"image":{"@id":"https:\/\/tractocamiones.pe\/preguntas-frecuentes\/#primaryimage"},"thumbnailUrl":"https:\/\/tractocamiones.pe\/wp-content\/uploads\/2025\/06\/preguntas-frecuentes.webp","datePublished":"2025-06-03T01:33:45+00:00","dateModified":"2025-06-03T02:13:00+00:00","breadcrumb":{"@id":"https:\/\/tractocamiones.pe\/preguntas-frecuentes\/#breadcrumb"},"inLanguage":"en-US","potentialAction":[{"@type":"ReadAction","target":["https:\/\/tractocamiones.pe\/preguntas-frecuentes\/"]}]},{"@type":"ImageObject","inLanguage":"en-US","@id":"https:\/\/tractocamiones.pe\/preguntas-frecuentes\/#primaryimage","url":"https:\/\/tractocamiones.pe\/wp-content\/uploads\/2025\/06\/preguntas-frecuentes.webp","contentUrl":"https:\/\/tractocamiones.pe\/wp-content\/uploads\/2025\/06\/preguntas-frecuentes.webp"},{"@type":"BreadcrumbList","@id":"https:\/\/tractocamiones.pe\/preguntas-frecuentes\/#breadcrumb","itemListElement":[{"@type":"ListItem","position":1,"name":"Portada","item":"https:\/\/tractocamiones.pe\/"},{"@type":"ListItem","position":2,"name":"Preguntas Frecuentes"}]},{"@type":"WebSite","@id":"https:\/\/tractocamiones.pe\/#website","url":"https:\/\/tractocamiones.pe\/","name":"Alineamiento y balanceo computarizado | Tractocamiones.pe","description":"Expertos en alineamiento de direcci\u00f3n y balanceo de neum\u00e1ticos computarizado para tracto camiones en Per\u00fa.","publisher":{"@id":"https:\/\/tractocamiones.pe\/#organization"},"potentialAction":[{"@type":"SearchAction","target":{"@type":"EntryPoint","urlTemplate":"https:\/\/tractocamiones.pe\/?s={search_term_string}"},"query-input":{"@type":"PropertyValueSpecification","valueRequired":true,"valueName":"search_term_string"}}],"inLanguage":"en-US"},{"@type":"Organization","@id":"https:\/\/tractocamiones.pe\/#organization","name":"Alineamiento y balanceo computarizado | Tractocamiones.pe","url":"https:\/\/tractocamiones.pe\/","logo":{"@type":"ImageObject","inLanguage":"en-US","@id":"https:\/\/tractocamiones.pe\/#\/schema\/logo\/image\/","url":"https:\/\/tractocamiones.pe\/wp-content\/uploads\/2025\/06\/cropped-icon-logo.webp","contentUrl":"https:\/\/tractocamiones.pe\/wp-content\/uploads\/2025\/06\/cropped-icon-logo.webp","width":90,"height":43,"caption":"Alineamiento y balanceo computarizado | Tractocamiones.pe"},"image":{"@id":"https:\/\/tractocamiones.pe\/#\/schema\/logo\/image\/"}}]}},"_links":{"self":[{"href":"https:\/\/tractocamiones.pe\/en\/wp-json\/wp\/v2\/pages\/7367","targetHints":{"allow":["GET"]}}],"collection":[{"href":"https:\/\/tractocamiones.pe\/en\/wp-json\/wp\/v2\/pages"}],"about":[{"href":"https:\/\/tractocamiones.pe\/en\/wp-json\/wp\/v2\/types\/page"}],"author":[{"embeddable":true,"href":"https:\/\/tractocamiones.pe\/en\/wp-json\/wp\/v2\/users\/4"}],"replies":[{"embeddable":true,"href":"https:\/\/tractocamiones.pe\/en\/wp-json\/wp\/v2\/comments?post=7367"}],"version-history":[{"count":31,"href":"https:\/\/tractocamiones.pe\/en\/wp-json\/wp\/v2\/pages\/7367\/revisions"}],"predecessor-version":[{"id":7405,"href":"https:\/\/tractocamiones.pe\/en\/wp-json\/wp\/v2\/pages\/7367\/revisions\/7405"}],"wp:attachment":[{"href":"https:\/\/tractocamiones.pe\/en\/wp-json\/wp\/v2\/media?parent=7367"}],"curies":[{"name":"wp","href":"https:\/\/api.w.org\/{rel}","templated":true}]}}