{"id":8364,"date":"2025-08-01T19:01:39","date_gmt":"2025-08-01T19:01:39","guid":{"rendered":"https:\/\/tractocamiones.pe\/?post_type=product&#038;p=8364"},"modified":"2025-08-01T19:04:49","modified_gmt":"2025-08-01T19:04:49","slug":"amortiguadores","status":"publish","type":"product","link":"https:\/\/tractocamiones.pe\/en\/product\/amortiguadores\/","title":{"rendered":"Amortiguadores"},"content":{"rendered":"<p><b>Tecnolog\u00eda de Doble Tubo y Monotubo de Alta Resistencia:<\/b><\/p>\n<ul>\n<li><b>Amortiguadores de Doble Tubo:<\/b> Son comunes y consisten en un tubo interior con aceite y un tubo exterior para la expansi\u00f3n del gas (si es presurizado). Este dise\u00f1o es duradero y de costo relativamente bajo.<\/li>\n<li><b>Amortiguadores de Monotubo:<\/b> Son m\u00e1s avanzados y ofrecen un rendimiento m\u00e1s consistente y una mejor disipaci\u00f3n del calor. Tienen un pist\u00f3n flotante que separa el gas y el aceite, evitando la cavitaci\u00f3n (formaci\u00f3n de burbujas en el aceite) que podr\u00eda reducir su eficacia. Son ideales para conducci\u00f3n m\u00e1s exigente.<\/li>\n<\/ul>","protected":false},"excerpt":{"rendered":"<p>Tecnolog\u00eda de Doble Tubo y Monotubo de Alta Resistencia: Amortiguadores de Doble Tubo: Son comunes y consisten en un tubo interior con aceite y un tubo exterior para la expansi\u00f3n del gas (si es presurizado). Este dise\u00f1o es duradero y de costo relativamente bajo. Amortiguadores de Monotubo: Son m\u00e1s avanzados y ofrecen un rendimiento m\u00e1s [&hellip;]<\/p>","protected":false},"featured_media":8365,"comment_status":"open","ping_status":"closed","template":"","meta":[],"product_brand":[],"product_cat":[27],"product_tag":[],"class_list":{"0":"post-8364","1":"product","2":"type-product","3":"status-publish","4":"has-post-thumbnail","6":"product_cat-amortiguadores","8":"first","9":"instock","10":"shipping-taxable","11":"product-type-simple"},"yoast_head":"<!-- This site is optimized with the Yoast SEO plugin v24.4 - https:\/\/yoast.com\/wordpress\/plugins\/seo\/ -->\n<title>Amortiguadores - Alineamiento y balanceo computarizado | Tractocamiones.pe<\/title>\n<meta name=\"robots\" content=\"index, follow, max-snippet:-1, max-image-preview:large, max-video-preview:-1\" \/>\n<link rel=\"canonical\" href=\"https:\/\/tractocamiones.pe\/en\/product\/amortiguadores\/\" \/>\n<meta property=\"og:locale\" content=\"en_US\" \/>\n<meta property=\"og:type\" content=\"article\" \/>\n<meta property=\"og:title\" content=\"Amortiguadores - Alineamiento y balanceo computarizado | Tractocamiones.pe\" \/>\n<meta property=\"og:description\" content=\"Tecnolog\u00eda de Doble Tubo y Monotubo de Alta Resistencia: Amortiguadores de Doble Tubo: Son comunes y consisten en un tubo interior con aceite y un tubo exterior para la expansi\u00f3n del gas (si es presurizado). Este dise\u00f1o es duradero y de costo relativamente bajo. Amortiguadores de Monotubo: Son m\u00e1s avanzados y ofrecen un rendimiento m\u00e1s [&hellip;]\" \/>\n<meta property=\"og:url\" content=\"https:\/\/tractocamiones.pe\/en\/product\/amortiguadores\/\" \/>\n<meta property=\"og:site_name\" content=\"Alineamiento y balanceo computarizado | Tractocamiones.pe\" \/>\n<meta property=\"article:modified_time\" content=\"2025-08-01T19:04:49+00:00\" \/>\n<meta property=\"og:image\" content=\"https:\/\/tractocamiones.pe\/wp-content\/uploads\/2025\/08\/amortiguadores-de-suspension.jpg\" \/>\n\t<meta property=\"og:image:width\" content=\"350\" \/>\n\t<meta property=\"og:image:height\" content=\"350\" \/>\n\t<meta property=\"og:image:type\" content=\"image\/jpeg\" \/>\n<meta name=\"twitter:card\" content=\"summary_large_image\" \/>\n<meta name=\"twitter:label1\" content=\"Est. reading time\" \/>\n\t<meta name=\"twitter:data1\" content=\"1 minute\" \/>\n<script type=\"application\/ld+json\" class=\"yoast-schema-graph\">{\"@context\":\"https:\/\/schema.org\",\"@graph\":[{\"@type\":\"WebPage\",\"@id\":\"https:\/\/tractocamiones.pe\/producto\/amortiguadores\/\",\"url\":\"https:\/\/tractocamiones.pe\/producto\/amortiguadores\/\",\"name\":\"Amortiguadores - Alineamiento y balanceo computarizado | Tractocamiones.pe\",\"isPartOf\":{\"@id\":\"https:\/\/tractocamiones.pe\/#website\"},\"primaryImageOfPage\":{\"@id\":\"https:\/\/tractocamiones.pe\/producto\/amortiguadores\/#primaryimage\"},\"image\":{\"@id\":\"https:\/\/tractocamiones.pe\/producto\/amortiguadores\/#primaryimage\"},\"thumbnailUrl\":\"https:\/\/tractocamiones.pe\/wp-content\/uploads\/2025\/08\/amortiguadores-de-suspension.jpg\",\"datePublished\":\"2025-08-01T19:01:39+00:00\",\"dateModified\":\"2025-08-01T19:04:49+00:00\",\"breadcrumb\":{\"@id\":\"https:\/\/tractocamiones.pe\/producto\/amortiguadores\/#breadcrumb\"},\"inLanguage\":\"en-US\",\"potentialAction\":[{\"@type\":\"ReadAction\",\"target\":[\"https:\/\/tractocamiones.pe\/producto\/amortiguadores\/\"]}]},{\"@type\":\"ImageObject\",\"inLanguage\":\"en-US\",\"@id\":\"https:\/\/tractocamiones.pe\/producto\/amortiguadores\/#primaryimage\",\"url\":\"https:\/\/tractocamiones.pe\/wp-content\/uploads\/2025\/08\/amortiguadores-de-suspension.jpg\",\"contentUrl\":\"https:\/\/tractocamiones.pe\/wp-content\/uploads\/2025\/08\/amortiguadores-de-suspension.jpg\",\"width\":350,\"height\":350},{\"@type\":\"BreadcrumbList\",\"@id\":\"https:\/\/tractocamiones.pe\/producto\/amortiguadores\/#breadcrumb\",\"itemListElement\":[{\"@type\":\"ListItem\",\"position\":1,\"name\":\"Portada\",\"item\":\"https:\/\/tractocamiones.pe\/\"},{\"@type\":\"ListItem\",\"position\":2,\"name\":\"Tienda\",\"item\":\"https:\/\/tractocamiones.pe\/tienda\/\"},{\"@type\":\"ListItem\",\"position\":3,\"name\":\"Amortiguadores\"}]},{\"@type\":\"WebSite\",\"@id\":\"https:\/\/tractocamiones.pe\/#website\",\"url\":\"https:\/\/tractocamiones.pe\/\",\"name\":\"Alineamiento y balanceo computarizado | Tractocamiones.pe\",\"description\":\"Expertos en alineamiento de direcci\u00f3n y balanceo de neum\u00e1ticos computarizado para tracto camiones en Per\u00fa.\",\"publisher\":{\"@id\":\"https:\/\/tractocamiones.pe\/#organization\"},\"potentialAction\":[{\"@type\":\"SearchAction\",\"target\":{\"@type\":\"EntryPoint\",\"urlTemplate\":\"https:\/\/tractocamiones.pe\/?s={search_term_string}\"},\"query-input\":{\"@type\":\"PropertyValueSpecification\",\"valueRequired\":true,\"valueName\":\"search_term_string\"}}],\"inLanguage\":\"en-US\"},{\"@type\":\"Organization\",\"@id\":\"https:\/\/tractocamiones.pe\/#organization\",\"name\":\"Alineamiento y balanceo computarizado | Tractocamiones.pe\",\"url\":\"https:\/\/tractocamiones.pe\/\",\"logo\":{\"@type\":\"ImageObject\",\"inLanguage\":\"en-US\",\"@id\":\"https:\/\/tractocamiones.pe\/#\/schema\/logo\/image\/\",\"url\":\"https:\/\/tractocamiones.pe\/wp-content\/uploads\/2025\/06\/cropped-icon-logo.webp\",\"contentUrl\":\"https:\/\/tractocamiones.pe\/wp-content\/uploads\/2025\/06\/cropped-icon-logo.webp\",\"width\":90,\"height\":43,\"caption\":\"Alineamiento y balanceo computarizado | Tractocamiones.pe\"},\"image\":{\"@id\":\"https:\/\/tractocamiones.pe\/#\/schema\/logo\/image\/\"}}]}<\/script>\n<!-- \/ Yoast SEO plugin. -->","yoast_head_json":{"title":"Amortiguadores - Alineamiento y balanceo computarizado | Tractocamiones.pe","robots":{"index":"index","follow":"follow","max-snippet":"max-snippet:-1","max-image-preview":"max-image-preview:large","max-video-preview":"max-video-preview:-1"},"canonical":"https:\/\/tractocamiones.pe\/en\/product\/amortiguadores\/","og_locale":"en_US","og_type":"article","og_title":"Amortiguadores - Alineamiento y balanceo computarizado | Tractocamiones.pe","og_description":"Tecnolog\u00eda de Doble Tubo y Monotubo de Alta Resistencia: Amortiguadores de Doble Tubo: Son comunes y consisten en un tubo interior con aceite y un tubo exterior para la expansi\u00f3n del gas (si es presurizado). Este dise\u00f1o es duradero y de costo relativamente bajo. Amortiguadores de Monotubo: Son m\u00e1s avanzados y ofrecen un rendimiento m\u00e1s [&hellip;]","og_url":"https:\/\/tractocamiones.pe\/en\/product\/amortiguadores\/","og_site_name":"Alineamiento y balanceo computarizado | Tractocamiones.pe","article_modified_time":"2025-08-01T19:04:49+00:00","og_image":[{"width":350,"height":350,"url":"https:\/\/tractocamiones.pe\/wp-content\/uploads\/2025\/08\/amortiguadores-de-suspension.jpg","type":"image\/jpeg"}],"twitter_card":"summary_large_image","twitter_misc":{"Est. reading time":"1 minute"},"schema":{"@context":"https:\/\/schema.org","@graph":[{"@type":"WebPage","@id":"https:\/\/tractocamiones.pe\/producto\/amortiguadores\/","url":"https:\/\/tractocamiones.pe\/producto\/amortiguadores\/","name":"Amortiguadores - Alineamiento y balanceo computarizado | Tractocamiones.pe","isPartOf":{"@id":"https:\/\/tractocamiones.pe\/#website"},"primaryImageOfPage":{"@id":"https:\/\/tractocamiones.pe\/producto\/amortiguadores\/#primaryimage"},"image":{"@id":"https:\/\/tractocamiones.pe\/producto\/amortiguadores\/#primaryimage"},"thumbnailUrl":"https:\/\/tractocamiones.pe\/wp-content\/uploads\/2025\/08\/amortiguadores-de-suspension.jpg","datePublished":"2025-08-01T19:01:39+00:00","dateModified":"2025-08-01T19:04:49+00:00","breadcrumb":{"@id":"https:\/\/tractocamiones.pe\/producto\/amortiguadores\/#breadcrumb"},"inLanguage":"en-US","potentialAction":[{"@type":"ReadAction","target":["https:\/\/tractocamiones.pe\/producto\/amortiguadores\/"]}]},{"@type":"ImageObject","inLanguage":"en-US","@id":"https:\/\/tractocamiones.pe\/producto\/amortiguadores\/#primaryimage","url":"https:\/\/tractocamiones.pe\/wp-content\/uploads\/2025\/08\/amortiguadores-de-suspension.jpg","contentUrl":"https:\/\/tractocamiones.pe\/wp-content\/uploads\/2025\/08\/amortiguadores-de-suspension.jpg","width":350,"height":350},{"@type":"BreadcrumbList","@id":"https:\/\/tractocamiones.pe\/producto\/amortiguadores\/#breadcrumb","itemListElement":[{"@type":"ListItem","position":1,"name":"Portada","item":"https:\/\/tractocamiones.pe\/"},{"@type":"ListItem","position":2,"name":"Tienda","item":"https:\/\/tractocamiones.pe\/tienda\/"},{"@type":"ListItem","position":3,"name":"Amortiguadores"}]},{"@type":"WebSite","@id":"https:\/\/tractocamiones.pe\/#website","url":"https:\/\/tractocamiones.pe\/","name":"Alineamiento y balanceo computarizado | Tractocamiones.pe","description":"Expertos en alineamiento de direcci\u00f3n y balanceo de neum\u00e1ticos computarizado para tracto camiones en Per\u00fa.","publisher":{"@id":"https:\/\/tractocamiones.pe\/#organization"},"potentialAction":[{"@type":"SearchAction","target":{"@type":"EntryPoint","urlTemplate":"https:\/\/tractocamiones.pe\/?s={search_term_string}"},"query-input":{"@type":"PropertyValueSpecification","valueRequired":true,"valueName":"search_term_string"}}],"inLanguage":"en-US"},{"@type":"Organization","@id":"https:\/\/tractocamiones.pe\/#organization","name":"Alineamiento y balanceo computarizado | Tractocamiones.pe","url":"https:\/\/tractocamiones.pe\/","logo":{"@type":"ImageObject","inLanguage":"en-US","@id":"https:\/\/tractocamiones.pe\/#\/schema\/logo\/image\/","url":"https:\/\/tractocamiones.pe\/wp-content\/uploads\/2025\/06\/cropped-icon-logo.webp","contentUrl":"https:\/\/tractocamiones.pe\/wp-content\/uploads\/2025\/06\/cropped-icon-logo.webp","width":90,"height":43,"caption":"Alineamiento y balanceo computarizado | Tractocamiones.pe"},"image":{"@id":"https:\/\/tractocamiones.pe\/#\/schema\/logo\/image\/"}}]}},"_links":{"self":[{"href":"https:\/\/tractocamiones.pe\/en\/wp-json\/wp\/v2\/product\/8364","targetHints":{"allow":["GET"]}}],"collection":[{"href":"https:\/\/tractocamiones.pe\/en\/wp-json\/wp\/v2\/product"}],"about":[{"href":"https:\/\/tractocamiones.pe\/en\/wp-json\/wp\/v2\/types\/product"}],"replies":[{"embeddable":true,"href":"https:\/\/tractocamiones.pe\/en\/wp-json\/wp\/v2\/comments?post=8364"}],"wp:featuredmedia":[{"embeddable":true,"href":"https:\/\/tractocamiones.pe\/en\/wp-json\/wp\/v2\/media\/8365"}],"wp:attachment":[{"href":"https:\/\/tractocamiones.pe\/en\/wp-json\/wp\/v2\/media?parent=8364"}],"wp:term":[{"taxonomy":"product_brand","embeddable":true,"href":"https:\/\/tractocamiones.pe\/en\/wp-json\/wp\/v2\/product_brand?post=8364"},{"taxonomy":"product_cat","embeddable":true,"href":"https:\/\/tractocamiones.pe\/en\/wp-json\/wp\/v2\/product_cat?post=8364"},{"taxonomy":"product_tag","embeddable":true,"href":"https:\/\/tractocamiones.pe\/en\/wp-json\/wp\/v2\/product_tag?post=8364"}],"curies":[{"name":"wp","href":"https:\/\/api.w.org\/{rel}","templated":true}]}}