{"id":8367,"date":"2025-08-01T19:10:12","date_gmt":"2025-08-01T19:10:12","guid":{"rendered":"https:\/\/tractocamiones.pe\/?post_type=product&#038;p=8367"},"modified":"2025-08-01T19:10:12","modified_gmt":"2025-08-01T19:10:12","slug":"barra-corta-de-direccion-pitman","status":"publish","type":"product","link":"https:\/\/tractocamiones.pe\/en\/product\/barra-corta-de-direccion-pitman\/","title":{"rendered":"Barra corta de direccion pitman"},"content":{"rendered":"<p>Caracter\u00edstica T\u00e9cnicaDescripci\u00f3n y Relevancia<b>Material y Construcci\u00f3n<\/b><b>Acero forjado de alta resistencia.<\/b> Este es un material cr\u00edtico para soportar las fuerzas de direcci\u00f3n y los impactos, garantizando la durabilidad y la seguridad en veh\u00edculos pesados.<b>Dise\u00f1o y Geometr\u00eda<\/b><b>Espec\u00edfico para el modelo de cami\u00f3n.<\/b> El dise\u00f1o, la longitud y los \u00e1ngulos del brazo Pitman est\u00e1n dise\u00f1ados con precisi\u00f3n para ajustarse a las especificaciones exactas del sistema de direcci\u00f3n de cada modelo de tractocami\u00f3n.<b>Funci\u00f3n y Resistencia<\/b><b>Transmite el movimiento del volante.<\/b> Convierte el movimiento rotatorio de la caja de direcci\u00f3n en movimiento lineal para el varillaje de la direcci\u00f3n (barra de acoplamiento), permitiendo que las ruedas giren. Debe soportar grandes fuerzas de torsi\u00f3n y compresi\u00f3n.<\/p>","protected":false},"excerpt":{"rendered":"<p>Este es un material cr\u00edtico para soportar las fuerzas de direcci\u00f3n y los impactos, garantizando la durabilidad y la seguridad en veh\u00edculos pesados.<\/p>","protected":false},"featured_media":8368,"comment_status":"closed","ping_status":"closed","template":"","meta":[],"product_brand":[],"product_cat":[28],"product_tag":[],"class_list":{"0":"post-8367","1":"product","2":"type-product","3":"status-publish","4":"has-post-thumbnail","6":"product_cat-barra-corta-de-direccion-pitman","8":"first","9":"instock","10":"shipping-taxable","11":"product-type-simple"},"yoast_head":"<!-- This site is optimized with the Yoast SEO plugin v24.4 - https:\/\/yoast.com\/wordpress\/plugins\/seo\/ -->\n<title>Barra corta de direccion pitman - Alineamiento y balanceo computarizado | Tractocamiones.pe<\/title>\n<meta name=\"robots\" content=\"index, follow, max-snippet:-1, max-image-preview:large, max-video-preview:-1\" \/>\n<link rel=\"canonical\" href=\"https:\/\/tractocamiones.pe\/en\/product\/barra-corta-de-direccion-pitman\/\" \/>\n<meta property=\"og:locale\" content=\"en_US\" \/>\n<meta property=\"og:type\" content=\"article\" \/>\n<meta property=\"og:title\" content=\"Barra corta de direccion pitman - Alineamiento y balanceo computarizado | Tractocamiones.pe\" \/>\n<meta property=\"og:description\" content=\"Este es un material cr\u00edtico para soportar las fuerzas de direcci\u00f3n y los impactos, garantizando la durabilidad y la seguridad en veh\u00edculos pesados.\" \/>\n<meta property=\"og:url\" content=\"https:\/\/tractocamiones.pe\/en\/product\/barra-corta-de-direccion-pitman\/\" \/>\n<meta property=\"og:site_name\" content=\"Alineamiento y balanceo computarizado | Tractocamiones.pe\" \/>\n<meta property=\"og:image\" content=\"https:\/\/tractocamiones.pe\/wp-content\/uploads\/2025\/08\/barra-corta-de-direccion.jpg\" \/>\n\t<meta property=\"og:image:width\" content=\"800\" \/>\n\t<meta property=\"og:image:height\" content=\"800\" \/>\n\t<meta property=\"og:image:type\" content=\"image\/jpeg\" \/>\n<meta name=\"twitter:card\" content=\"summary_large_image\" \/>\n<meta name=\"twitter:label1\" content=\"Est. reading time\" \/>\n\t<meta name=\"twitter:data1\" content=\"1 minute\" \/>\n<script type=\"application\/ld+json\" class=\"yoast-schema-graph\">{\"@context\":\"https:\/\/schema.org\",\"@graph\":[{\"@type\":\"WebPage\",\"@id\":\"https:\/\/tractocamiones.pe\/producto\/barra-corta-de-direccion-pitman\/\",\"url\":\"https:\/\/tractocamiones.pe\/producto\/barra-corta-de-direccion-pitman\/\",\"name\":\"Barra corta de direccion pitman - Alineamiento y balanceo computarizado | Tractocamiones.pe\",\"isPartOf\":{\"@id\":\"https:\/\/tractocamiones.pe\/#website\"},\"primaryImageOfPage\":{\"@id\":\"https:\/\/tractocamiones.pe\/producto\/barra-corta-de-direccion-pitman\/#primaryimage\"},\"image\":{\"@id\":\"https:\/\/tractocamiones.pe\/producto\/barra-corta-de-direccion-pitman\/#primaryimage\"},\"thumbnailUrl\":\"https:\/\/tractocamiones.pe\/wp-content\/uploads\/2025\/08\/barra-corta-de-direccion.jpg\",\"datePublished\":\"2025-08-01T19:10:12+00:00\",\"breadcrumb\":{\"@id\":\"https:\/\/tractocamiones.pe\/producto\/barra-corta-de-direccion-pitman\/#breadcrumb\"},\"inLanguage\":\"en-US\",\"potentialAction\":[{\"@type\":\"ReadAction\",\"target\":[\"https:\/\/tractocamiones.pe\/producto\/barra-corta-de-direccion-pitman\/\"]}]},{\"@type\":\"ImageObject\",\"inLanguage\":\"en-US\",\"@id\":\"https:\/\/tractocamiones.pe\/producto\/barra-corta-de-direccion-pitman\/#primaryimage\",\"url\":\"https:\/\/tractocamiones.pe\/wp-content\/uploads\/2025\/08\/barra-corta-de-direccion.jpg\",\"contentUrl\":\"https:\/\/tractocamiones.pe\/wp-content\/uploads\/2025\/08\/barra-corta-de-direccion.jpg\",\"width\":800,\"height\":800},{\"@type\":\"BreadcrumbList\",\"@id\":\"https:\/\/tractocamiones.pe\/producto\/barra-corta-de-direccion-pitman\/#breadcrumb\",\"itemListElement\":[{\"@type\":\"ListItem\",\"position\":1,\"name\":\"Portada\",\"item\":\"https:\/\/tractocamiones.pe\/\"},{\"@type\":\"ListItem\",\"position\":2,\"name\":\"Tienda\",\"item\":\"https:\/\/tractocamiones.pe\/tienda\/\"},{\"@type\":\"ListItem\",\"position\":3,\"name\":\"Barra corta de direccion pitman\"}]},{\"@type\":\"WebSite\",\"@id\":\"https:\/\/tractocamiones.pe\/#website\",\"url\":\"https:\/\/tractocamiones.pe\/\",\"name\":\"Alineamiento y balanceo computarizado | Tractocamiones.pe\",\"description\":\"Expertos en alineamiento de direcci\u00f3n y balanceo de neum\u00e1ticos computarizado para tracto camiones en Per\u00fa.\",\"publisher\":{\"@id\":\"https:\/\/tractocamiones.pe\/#organization\"},\"potentialAction\":[{\"@type\":\"SearchAction\",\"target\":{\"@type\":\"EntryPoint\",\"urlTemplate\":\"https:\/\/tractocamiones.pe\/?s={search_term_string}\"},\"query-input\":{\"@type\":\"PropertyValueSpecification\",\"valueRequired\":true,\"valueName\":\"search_term_string\"}}],\"inLanguage\":\"en-US\"},{\"@type\":\"Organization\",\"@id\":\"https:\/\/tractocamiones.pe\/#organization\",\"name\":\"Alineamiento y balanceo computarizado | Tractocamiones.pe\",\"url\":\"https:\/\/tractocamiones.pe\/\",\"logo\":{\"@type\":\"ImageObject\",\"inLanguage\":\"en-US\",\"@id\":\"https:\/\/tractocamiones.pe\/#\/schema\/logo\/image\/\",\"url\":\"https:\/\/tractocamiones.pe\/wp-content\/uploads\/2025\/06\/cropped-icon-logo.webp\",\"contentUrl\":\"https:\/\/tractocamiones.pe\/wp-content\/uploads\/2025\/06\/cropped-icon-logo.webp\",\"width\":90,\"height\":43,\"caption\":\"Alineamiento y balanceo computarizado | Tractocamiones.pe\"},\"image\":{\"@id\":\"https:\/\/tractocamiones.pe\/#\/schema\/logo\/image\/\"}}]}<\/script>\n<!-- \/ Yoast SEO plugin. -->","yoast_head_json":{"title":"Barra corta de direccion pitman - Alineamiento y balanceo computarizado | Tractocamiones.pe","robots":{"index":"index","follow":"follow","max-snippet":"max-snippet:-1","max-image-preview":"max-image-preview:large","max-video-preview":"max-video-preview:-1"},"canonical":"https:\/\/tractocamiones.pe\/en\/product\/barra-corta-de-direccion-pitman\/","og_locale":"en_US","og_type":"article","og_title":"Barra corta de direccion pitman - Alineamiento y balanceo computarizado | Tractocamiones.pe","og_description":"Este es un material cr\u00edtico para soportar las fuerzas de direcci\u00f3n y los impactos, garantizando la durabilidad y la seguridad en veh\u00edculos pesados.","og_url":"https:\/\/tractocamiones.pe\/en\/product\/barra-corta-de-direccion-pitman\/","og_site_name":"Alineamiento y balanceo computarizado | Tractocamiones.pe","og_image":[{"width":800,"height":800,"url":"https:\/\/tractocamiones.pe\/wp-content\/uploads\/2025\/08\/barra-corta-de-direccion.jpg","type":"image\/jpeg"}],"twitter_card":"summary_large_image","twitter_misc":{"Est. reading time":"1 minute"},"schema":{"@context":"https:\/\/schema.org","@graph":[{"@type":"WebPage","@id":"https:\/\/tractocamiones.pe\/producto\/barra-corta-de-direccion-pitman\/","url":"https:\/\/tractocamiones.pe\/producto\/barra-corta-de-direccion-pitman\/","name":"Barra corta de direccion pitman - Alineamiento y balanceo computarizado | Tractocamiones.pe","isPartOf":{"@id":"https:\/\/tractocamiones.pe\/#website"},"primaryImageOfPage":{"@id":"https:\/\/tractocamiones.pe\/producto\/barra-corta-de-direccion-pitman\/#primaryimage"},"image":{"@id":"https:\/\/tractocamiones.pe\/producto\/barra-corta-de-direccion-pitman\/#primaryimage"},"thumbnailUrl":"https:\/\/tractocamiones.pe\/wp-content\/uploads\/2025\/08\/barra-corta-de-direccion.jpg","datePublished":"2025-08-01T19:10:12+00:00","breadcrumb":{"@id":"https:\/\/tractocamiones.pe\/producto\/barra-corta-de-direccion-pitman\/#breadcrumb"},"inLanguage":"en-US","potentialAction":[{"@type":"ReadAction","target":["https:\/\/tractocamiones.pe\/producto\/barra-corta-de-direccion-pitman\/"]}]},{"@type":"ImageObject","inLanguage":"en-US","@id":"https:\/\/tractocamiones.pe\/producto\/barra-corta-de-direccion-pitman\/#primaryimage","url":"https:\/\/tractocamiones.pe\/wp-content\/uploads\/2025\/08\/barra-corta-de-direccion.jpg","contentUrl":"https:\/\/tractocamiones.pe\/wp-content\/uploads\/2025\/08\/barra-corta-de-direccion.jpg","width":800,"height":800},{"@type":"BreadcrumbList","@id":"https:\/\/tractocamiones.pe\/producto\/barra-corta-de-direccion-pitman\/#breadcrumb","itemListElement":[{"@type":"ListItem","position":1,"name":"Portada","item":"https:\/\/tractocamiones.pe\/"},{"@type":"ListItem","position":2,"name":"Tienda","item":"https:\/\/tractocamiones.pe\/tienda\/"},{"@type":"ListItem","position":3,"name":"Barra corta de direccion pitman"}]},{"@type":"WebSite","@id":"https:\/\/tractocamiones.pe\/#website","url":"https:\/\/tractocamiones.pe\/","name":"Alineamiento y balanceo computarizado | Tractocamiones.pe","description":"Expertos en alineamiento de direcci\u00f3n y balanceo de neum\u00e1ticos computarizado para tracto camiones en Per\u00fa.","publisher":{"@id":"https:\/\/tractocamiones.pe\/#organization"},"potentialAction":[{"@type":"SearchAction","target":{"@type":"EntryPoint","urlTemplate":"https:\/\/tractocamiones.pe\/?s={search_term_string}"},"query-input":{"@type":"PropertyValueSpecification","valueRequired":true,"valueName":"search_term_string"}}],"inLanguage":"en-US"},{"@type":"Organization","@id":"https:\/\/tractocamiones.pe\/#organization","name":"Alineamiento y balanceo computarizado | Tractocamiones.pe","url":"https:\/\/tractocamiones.pe\/","logo":{"@type":"ImageObject","inLanguage":"en-US","@id":"https:\/\/tractocamiones.pe\/#\/schema\/logo\/image\/","url":"https:\/\/tractocamiones.pe\/wp-content\/uploads\/2025\/06\/cropped-icon-logo.webp","contentUrl":"https:\/\/tractocamiones.pe\/wp-content\/uploads\/2025\/06\/cropped-icon-logo.webp","width":90,"height":43,"caption":"Alineamiento y balanceo computarizado | Tractocamiones.pe"},"image":{"@id":"https:\/\/tractocamiones.pe\/#\/schema\/logo\/image\/"}}]}},"_links":{"self":[{"href":"https:\/\/tractocamiones.pe\/en\/wp-json\/wp\/v2\/product\/8367","targetHints":{"allow":["GET"]}}],"collection":[{"href":"https:\/\/tractocamiones.pe\/en\/wp-json\/wp\/v2\/product"}],"about":[{"href":"https:\/\/tractocamiones.pe\/en\/wp-json\/wp\/v2\/types\/product"}],"replies":[{"embeddable":true,"href":"https:\/\/tractocamiones.pe\/en\/wp-json\/wp\/v2\/comments?post=8367"}],"wp:featuredmedia":[{"embeddable":true,"href":"https:\/\/tractocamiones.pe\/en\/wp-json\/wp\/v2\/media\/8368"}],"wp:attachment":[{"href":"https:\/\/tractocamiones.pe\/en\/wp-json\/wp\/v2\/media?parent=8367"}],"wp:term":[{"taxonomy":"product_brand","embeddable":true,"href":"https:\/\/tractocamiones.pe\/en\/wp-json\/wp\/v2\/product_brand?post=8367"},{"taxonomy":"product_cat","embeddable":true,"href":"https:\/\/tractocamiones.pe\/en\/wp-json\/wp\/v2\/product_cat?post=8367"},{"taxonomy":"product_tag","embeddable":true,"href":"https:\/\/tractocamiones.pe\/en\/wp-json\/wp\/v2\/product_tag?post=8367"}],"curies":[{"name":"wp","href":"https:\/\/api.w.org\/{rel}","templated":true}]}}