{"id":8391,"date":"2025-08-01T19:21:25","date_gmt":"2025-08-01T19:21:25","guid":{"rendered":"https:\/\/tractocamiones.pe\/?post_type=product&#038;p=8391"},"modified":"2025-08-01T19:21:25","modified_gmt":"2025-08-01T19:21:25","slug":"rodajes","status":"publish","type":"product","link":"https:\/\/tractocamiones.pe\/en\/product\/rodajes\/","title":{"rendered":"Rodajes"},"content":{"rendered":"<p>Rodajes<\/p>","protected":false},"excerpt":{"rendered":"<p>Rodajes<\/p>","protected":false},"featured_media":8392,"comment_status":"closed","ping_status":"closed","template":"","meta":[],"product_brand":[],"product_cat":[25],"product_tag":[],"class_list":{"0":"post-8391","1":"product","2":"type-product","3":"status-publish","4":"has-post-thumbnail","6":"product_cat-coronas","8":"first","9":"instock","10":"shipping-taxable","11":"product-type-simple"},"yoast_head":"<!-- This site is optimized with the Yoast SEO plugin v24.4 - https:\/\/yoast.com\/wordpress\/plugins\/seo\/ -->\n<title>Rodajes - Alineamiento y balanceo computarizado | Tractocamiones.pe<\/title>\n<meta name=\"robots\" content=\"index, follow, max-snippet:-1, max-image-preview:large, max-video-preview:-1\" \/>\n<link rel=\"canonical\" href=\"https:\/\/tractocamiones.pe\/en\/product\/rodajes\/\" \/>\n<meta property=\"og:locale\" content=\"en_US\" \/>\n<meta property=\"og:type\" content=\"article\" \/>\n<meta property=\"og:title\" content=\"Rodajes - Alineamiento y balanceo computarizado | Tractocamiones.pe\" \/>\n<meta property=\"og:description\" content=\"Rodajes\" \/>\n<meta property=\"og:url\" content=\"https:\/\/tractocamiones.pe\/en\/product\/rodajes\/\" \/>\n<meta property=\"og:site_name\" content=\"Alineamiento y balanceo computarizado | Tractocamiones.pe\" \/>\n<meta property=\"og:image\" content=\"https:\/\/tractocamiones.pe\/wp-content\/uploads\/2025\/08\/rodajes-skf1.jpg\" \/>\n\t<meta property=\"og:image:width\" content=\"540\" \/>\n\t<meta property=\"og:image:height\" content=\"416\" \/>\n\t<meta property=\"og:image:type\" content=\"image\/jpeg\" \/>\n<meta name=\"twitter:card\" content=\"summary_large_image\" \/>\n<meta name=\"twitter:label1\" content=\"Est. reading time\" \/>\n\t<meta name=\"twitter:data1\" content=\"1 minute\" \/>\n<script type=\"application\/ld+json\" class=\"yoast-schema-graph\">{\"@context\":\"https:\/\/schema.org\",\"@graph\":[{\"@type\":\"WebPage\",\"@id\":\"https:\/\/tractocamiones.pe\/producto\/rodajes\/\",\"url\":\"https:\/\/tractocamiones.pe\/producto\/rodajes\/\",\"name\":\"Rodajes - Alineamiento y balanceo computarizado | Tractocamiones.pe\",\"isPartOf\":{\"@id\":\"https:\/\/tractocamiones.pe\/#website\"},\"primaryImageOfPage\":{\"@id\":\"https:\/\/tractocamiones.pe\/producto\/rodajes\/#primaryimage\"},\"image\":{\"@id\":\"https:\/\/tractocamiones.pe\/producto\/rodajes\/#primaryimage\"},\"thumbnailUrl\":\"https:\/\/tractocamiones.pe\/wp-content\/uploads\/2025\/08\/rodajes-skf1.jpg\",\"datePublished\":\"2025-08-01T19:21:25+00:00\",\"breadcrumb\":{\"@id\":\"https:\/\/tractocamiones.pe\/producto\/rodajes\/#breadcrumb\"},\"inLanguage\":\"en-US\",\"potentialAction\":[{\"@type\":\"ReadAction\",\"target\":[\"https:\/\/tractocamiones.pe\/producto\/rodajes\/\"]}]},{\"@type\":\"ImageObject\",\"inLanguage\":\"en-US\",\"@id\":\"https:\/\/tractocamiones.pe\/producto\/rodajes\/#primaryimage\",\"url\":\"https:\/\/tractocamiones.pe\/wp-content\/uploads\/2025\/08\/rodajes-skf1.jpg\",\"contentUrl\":\"https:\/\/tractocamiones.pe\/wp-content\/uploads\/2025\/08\/rodajes-skf1.jpg\",\"width\":540,\"height\":416},{\"@type\":\"BreadcrumbList\",\"@id\":\"https:\/\/tractocamiones.pe\/producto\/rodajes\/#breadcrumb\",\"itemListElement\":[{\"@type\":\"ListItem\",\"position\":1,\"name\":\"Portada\",\"item\":\"https:\/\/tractocamiones.pe\/\"},{\"@type\":\"ListItem\",\"position\":2,\"name\":\"Tienda\",\"item\":\"https:\/\/tractocamiones.pe\/tienda\/\"},{\"@type\":\"ListItem\",\"position\":3,\"name\":\"Rodajes\"}]},{\"@type\":\"WebSite\",\"@id\":\"https:\/\/tractocamiones.pe\/#website\",\"url\":\"https:\/\/tractocamiones.pe\/\",\"name\":\"Alineamiento y balanceo computarizado | Tractocamiones.pe\",\"description\":\"Expertos en alineamiento de direcci\u00f3n y balanceo de neum\u00e1ticos computarizado para tracto camiones en Per\u00fa.\",\"publisher\":{\"@id\":\"https:\/\/tractocamiones.pe\/#organization\"},\"potentialAction\":[{\"@type\":\"SearchAction\",\"target\":{\"@type\":\"EntryPoint\",\"urlTemplate\":\"https:\/\/tractocamiones.pe\/?s={search_term_string}\"},\"query-input\":{\"@type\":\"PropertyValueSpecification\",\"valueRequired\":true,\"valueName\":\"search_term_string\"}}],\"inLanguage\":\"en-US\"},{\"@type\":\"Organization\",\"@id\":\"https:\/\/tractocamiones.pe\/#organization\",\"name\":\"Alineamiento y balanceo computarizado | Tractocamiones.pe\",\"url\":\"https:\/\/tractocamiones.pe\/\",\"logo\":{\"@type\":\"ImageObject\",\"inLanguage\":\"en-US\",\"@id\":\"https:\/\/tractocamiones.pe\/#\/schema\/logo\/image\/\",\"url\":\"https:\/\/tractocamiones.pe\/wp-content\/uploads\/2025\/06\/cropped-icon-logo.webp\",\"contentUrl\":\"https:\/\/tractocamiones.pe\/wp-content\/uploads\/2025\/06\/cropped-icon-logo.webp\",\"width\":90,\"height\":43,\"caption\":\"Alineamiento y balanceo computarizado | Tractocamiones.pe\"},\"image\":{\"@id\":\"https:\/\/tractocamiones.pe\/#\/schema\/logo\/image\/\"}}]}<\/script>\n<!-- \/ Yoast SEO plugin. -->","yoast_head_json":{"title":"Rodajes - Alineamiento y balanceo computarizado | Tractocamiones.pe","robots":{"index":"index","follow":"follow","max-snippet":"max-snippet:-1","max-image-preview":"max-image-preview:large","max-video-preview":"max-video-preview:-1"},"canonical":"https:\/\/tractocamiones.pe\/en\/product\/rodajes\/","og_locale":"en_US","og_type":"article","og_title":"Rodajes - Alineamiento y balanceo computarizado | Tractocamiones.pe","og_description":"Rodajes","og_url":"https:\/\/tractocamiones.pe\/en\/product\/rodajes\/","og_site_name":"Alineamiento y balanceo computarizado | Tractocamiones.pe","og_image":[{"width":540,"height":416,"url":"https:\/\/tractocamiones.pe\/wp-content\/uploads\/2025\/08\/rodajes-skf1.jpg","type":"image\/jpeg"}],"twitter_card":"summary_large_image","twitter_misc":{"Est. reading time":"1 minute"},"schema":{"@context":"https:\/\/schema.org","@graph":[{"@type":"WebPage","@id":"https:\/\/tractocamiones.pe\/producto\/rodajes\/","url":"https:\/\/tractocamiones.pe\/producto\/rodajes\/","name":"Rodajes - Alineamiento y balanceo computarizado | Tractocamiones.pe","isPartOf":{"@id":"https:\/\/tractocamiones.pe\/#website"},"primaryImageOfPage":{"@id":"https:\/\/tractocamiones.pe\/producto\/rodajes\/#primaryimage"},"image":{"@id":"https:\/\/tractocamiones.pe\/producto\/rodajes\/#primaryimage"},"thumbnailUrl":"https:\/\/tractocamiones.pe\/wp-content\/uploads\/2025\/08\/rodajes-skf1.jpg","datePublished":"2025-08-01T19:21:25+00:00","breadcrumb":{"@id":"https:\/\/tractocamiones.pe\/producto\/rodajes\/#breadcrumb"},"inLanguage":"en-US","potentialAction":[{"@type":"ReadAction","target":["https:\/\/tractocamiones.pe\/producto\/rodajes\/"]}]},{"@type":"ImageObject","inLanguage":"en-US","@id":"https:\/\/tractocamiones.pe\/producto\/rodajes\/#primaryimage","url":"https:\/\/tractocamiones.pe\/wp-content\/uploads\/2025\/08\/rodajes-skf1.jpg","contentUrl":"https:\/\/tractocamiones.pe\/wp-content\/uploads\/2025\/08\/rodajes-skf1.jpg","width":540,"height":416},{"@type":"BreadcrumbList","@id":"https:\/\/tractocamiones.pe\/producto\/rodajes\/#breadcrumb","itemListElement":[{"@type":"ListItem","position":1,"name":"Portada","item":"https:\/\/tractocamiones.pe\/"},{"@type":"ListItem","position":2,"name":"Tienda","item":"https:\/\/tractocamiones.pe\/tienda\/"},{"@type":"ListItem","position":3,"name":"Rodajes"}]},{"@type":"WebSite","@id":"https:\/\/tractocamiones.pe\/#website","url":"https:\/\/tractocamiones.pe\/","name":"Alineamiento y balanceo computarizado | Tractocamiones.pe","description":"Expertos en alineamiento de direcci\u00f3n y balanceo de neum\u00e1ticos computarizado para tracto camiones en Per\u00fa.","publisher":{"@id":"https:\/\/tractocamiones.pe\/#organization"},"potentialAction":[{"@type":"SearchAction","target":{"@type":"EntryPoint","urlTemplate":"https:\/\/tractocamiones.pe\/?s={search_term_string}"},"query-input":{"@type":"PropertyValueSpecification","valueRequired":true,"valueName":"search_term_string"}}],"inLanguage":"en-US"},{"@type":"Organization","@id":"https:\/\/tractocamiones.pe\/#organization","name":"Alineamiento y balanceo computarizado | Tractocamiones.pe","url":"https:\/\/tractocamiones.pe\/","logo":{"@type":"ImageObject","inLanguage":"en-US","@id":"https:\/\/tractocamiones.pe\/#\/schema\/logo\/image\/","url":"https:\/\/tractocamiones.pe\/wp-content\/uploads\/2025\/06\/cropped-icon-logo.webp","contentUrl":"https:\/\/tractocamiones.pe\/wp-content\/uploads\/2025\/06\/cropped-icon-logo.webp","width":90,"height":43,"caption":"Alineamiento y balanceo computarizado | Tractocamiones.pe"},"image":{"@id":"https:\/\/tractocamiones.pe\/#\/schema\/logo\/image\/"}}]}},"_links":{"self":[{"href":"https:\/\/tractocamiones.pe\/en\/wp-json\/wp\/v2\/product\/8391","targetHints":{"allow":["GET"]}}],"collection":[{"href":"https:\/\/tractocamiones.pe\/en\/wp-json\/wp\/v2\/product"}],"about":[{"href":"https:\/\/tractocamiones.pe\/en\/wp-json\/wp\/v2\/types\/product"}],"replies":[{"embeddable":true,"href":"https:\/\/tractocamiones.pe\/en\/wp-json\/wp\/v2\/comments?post=8391"}],"wp:featuredmedia":[{"embeddable":true,"href":"https:\/\/tractocamiones.pe\/en\/wp-json\/wp\/v2\/media\/8392"}],"wp:attachment":[{"href":"https:\/\/tractocamiones.pe\/en\/wp-json\/wp\/v2\/media?parent=8391"}],"wp:term":[{"taxonomy":"product_brand","embeddable":true,"href":"https:\/\/tractocamiones.pe\/en\/wp-json\/wp\/v2\/product_brand?post=8391"},{"taxonomy":"product_cat","embeddable":true,"href":"https:\/\/tractocamiones.pe\/en\/wp-json\/wp\/v2\/product_cat?post=8391"},{"taxonomy":"product_tag","embeddable":true,"href":"https:\/\/tractocamiones.pe\/en\/wp-json\/wp\/v2\/product_tag?post=8391"}],"curies":[{"name":"wp","href":"https:\/\/api.w.org\/{rel}","templated":true}]}}